{"id":1103,"date":"2020-09-14T16:06:13","date_gmt":"2020-09-14T16:06:13","guid":{"rendered":"https:\/\/canadataxpro.com\/?page_id=1103"},"modified":"2024-08-29T16:51:41","modified_gmt":"2024-08-29T23:51:41","slug":"faqs","status":"publish","type":"page","link":"https:\/\/canadataxpro.com\/fr\/faqs\/","title":{"rendered":"FAQ"},"content":{"rendered":"<p><div class=\"fusion-fullwidth fullwidth-box fusion-builder-row-1 fusion-flex-container has-pattern-background has-mask-background nonhundred-percent-fullwidth non-hundred-percent-height-scrolling\" style=\"--awb-border-radius-top-left:0px;--awb-border-radius-top-right:0px;--awb-border-radius-bottom-right:0px;--awb-border-radius-bottom-left:0px;--awb-flex-wrap:wrap;\" ><div class=\"fusion-builder-row fusion-row fusion-flex-align-items-flex-start fusion-flex-content-wrap\" style=\"max-width:1310.4px;margin-left: calc(-4% \/ 2 );margin-right: calc(-4% \/ 2 );\"><div class=\"fusion-layout-column fusion_builder_column fusion-builder-column-0 fusion_builder_column_1_1 1_1 fusion-flex-column\" style=\"--awb-bg-size:cover;--awb-width-large:100%;--awb-margin-top-large:20px;--awb-spacing-right-large:1.92%;--awb-margin-bottom-large:20px;--awb-spacing-left-large:1.92%;--awb-width-medium:100%;--awb-order-medium:0;--awb-spacing-right-medium:1.92%;--awb-spacing-left-medium:1.92%;--awb-width-small:100%;--awb-order-small:0;--awb-spacing-right-small:1.92%;--awb-spacing-left-small:1.92%;\"><div class=\"fusion-column-wrapper fusion-column-has-shadow fusion-flex-justify-content-flex-start fusion-content-layout-column\"><div class=\"fusion-title title fusion-title-1 fusion-sep-none fusion-title-text fusion-title-size-one\" style=\"--awb-margin-top-small:10px;--awb-margin-right-small:0px;--awb-margin-bottom-small:20px;--awb-margin-left-small:0px;\"><h1 class=\"fusion-title-heading title-heading-left fusion-responsive-typography-calculated\" style=\"margin:0;--fontSize:60;line-height:1.16;\"><p style=\"text-align: center;\">Aper\u00e7u<\/p><\/h1><\/div><div class=\"awb-toc-el awb-toc-el--1\" data-awb-toc-id=\"1\" data-awb-toc-options=\"{&quot;allowed_heading_tags&quot;:{&quot;h3&quot;:0,&quot;h4&quot;:1},&quot;ignore_headings&quot;:&quot;&quot;,&quot;ignore_headings_words&quot;:&quot;&quot;,&quot;enable_cache&quot;:&quot;yes&quot;,&quot;highlight_current_heading&quot;:&quot;no&quot;,&quot;hide_hidden_titles&quot;:&quot;yes&quot;,&quot;limit_container&quot;:&quot;all&quot;,&quot;select_custom_headings&quot;:&quot;&quot;,&quot;icon&quot;:&quot;fa-flag fas&quot;,&quot;counter_type&quot;:&quot;none&quot;}\"><div class=\"awb-toc-el__content\"><ul class=\"awb-toc-el__list awb-toc-el__list--0\"><li class=\"awb-toc-el__list-item\"><ul class=\"awb-toc-el__list awb-toc-el__list--1\"><li class=\"awb-toc-el__list-item\"><a class=\"awb-toc-el__item-anchor\" href=\"#toc_My_business_is_selling_products_outside_Canada_do\">Mon entreprise vend des produits \u00e0 l&#039;ext\u00e9rieur du Canada. Dois-je facturer la TPS\/TVH ?<\/a><\/li><li class=\"awb-toc-el__list-item\"><a class=\"awb-toc-el__item-anchor\" href=\"#toc_I_run_several_businesses_but_not_one_of\">Je dirige plusieurs entreprises, mais aucune d&#039;entre elles ne d\u00e9passe $30 000 de chiffre d&#039;affaires par ann\u00e9e. Dois-je m&#039;inscrire \u00e0 la TPS\/TVH\u00a0?<\/a><\/li><li class=\"awb-toc-el__list-item\"><a class=\"awb-toc-el__item-anchor\" href=\"#toc_How_do_I_calculate_tax_on_crypto_transactions\"><span>Comment calculer la taxe sur les transactions cryptographiques ?<\/span><\/a><\/li><li class=\"awb-toc-el__list-item\"><a class=\"awb-toc-el__item-anchor\" href=\"#toc_How_Do_Tax_Authorities_Know_About_My_Cryptocurrency\"><span>Comment les autorit\u00e9s fiscales connaissent-elles ma crypto-monnaie ?<\/span><\/a><\/li><li class=\"awb-toc-el__list-item\"><a class=\"awb-toc-el__item-anchor\" href=\"#toc_Why_is_it_important_to_put_my_GSTHST\">Pourquoi est-il important d&#039;inscrire mon num\u00e9ro de TPS\/TVH sur ma facture ?<\/a><\/li><li class=\"awb-toc-el__list-item\"><a class=\"awb-toc-el__item-anchor\" href=\"#toc_How_is_crypto_tax_calculated_in_Canada\"><span>Comment la taxe sur les cryptomonnaies est-elle calcul\u00e9e au Canada ?<\/span><\/a><\/li><li class=\"awb-toc-el__list-item\"><a class=\"awb-toc-el__item-anchor\" href=\"#toc_Can_I_claim_my_pets_on_my_tax\"><span>Puis-je d\u00e9clarer mes animaux de compagnie sur ma d\u00e9claration d&#039;imp\u00f4ts ?<\/span><\/a><\/li><li class=\"awb-toc-el__list-item\"><a class=\"awb-toc-el__item-anchor\" href=\"#toc_Should_I_choose_the_FHSA_or_the_HBP\"><span>Dois-je choisir le FHSA ou le HBP pour \u00e9pargner en vue de l\u2019achat de ma maison ?<\/span><\/a><\/li><\/ul><\/li><\/ul><\/div><\/div><\/div><\/div><\/div><\/div><div class=\"fusion-fullwidth fullwidth-box fusion-builder-row-2 fusion-flex-container nonhundred-percent-fullwidth non-hundred-percent-height-scrolling\" style=\"--awb-border-radius-top-left:0px;--awb-border-radius-top-right:0px;--awb-border-radius-bottom-right:0px;--awb-border-radius-bottom-left:0px;--awb-padding-top:80px;--awb-padding-bottom:80px;--awb-padding-top-medium:60px;--awb-padding-bottom-medium:60px;--awb-padding-top-small:20px;--awb-padding-bottom-small:60px;--awb-background-color:#f9fafb;--awb-flex-wrap:wrap;\" ><div class=\"fusion-builder-row fusion-row fusion-flex-align-items-flex-start fusion-flex-justify-content-center fusion-flex-content-wrap\" style=\"max-width:1310.4px;margin-left: calc(-4% \/ 2 );margin-right: calc(-4% \/ 2 );\"><div class=\"fusion-layout-column fusion_builder_column fusion-builder-column-1 fusion_builder_column_2_5 2_5 fusion-flex-column\" style=\"--awb-bg-size:cover;--awb-width-large:40%;--awb-margin-top-large:20px;--awb-spacing-right-large:9.6%;--awb-margin-bottom-large:20px;--awb-spacing-left-large:4.8%;--awb-width-medium:50%;--awb-order-medium:0;--awb-spacing-right-medium:7.68%;--awb-spacing-left-medium:7.68%;--awb-width-small:100%;--awb-order-small:0;--awb-spacing-right-small:1.92%;--awb-margin-bottom-small:0px;--awb-spacing-left-small:1.92%;\"><div class=\"fusion-column-wrapper fusion-column-has-shadow fusion-flex-justify-content-flex-start fusion-content-layout-column\"><div class=\"fusion-title title fusion-title-2 fusion-sep-none fusion-title-text fusion-title-size-four\" style=\"--awb-margin-bottom:16px;--awb-margin-top-small:10px;--awb-margin-right-small:0px;--awb-margin-bottom-small:20px;--awb-margin-left-small:0px;\"><h4 class=\"fusion-title-heading title-heading-left fusion-responsive-typography-calculated\" style=\"margin:0;--fontSize:24;--minFontSize:24;line-height:1.42;\">Mon entreprise vend des produits \u00e0 l&#039;ext\u00e9rieur du Canada. Dois-je facturer la TPS\/TVH ?<\/h4><\/div><div class=\"fusion-text fusion-text-1\"><p>Lorsque les acheteurs de vos produits ou services ne r\u00e9sident pas au Canada, vous ne leur facturez pas de TPS\/TVH sur les produits taxables qu&#039;ils ach\u00e8tent. Ces produits deviennent d\u00e9tax\u00e9s si vous les exportez hors du Canada. Vous ne percevez pas la TPS\/TVH et vous n\u2019avez pas non plus besoin de la verser au gouvernement.<\/p>\n<\/div><div class=\"fusion-title title fusion-title-3 fusion-sep-none fusion-title-text fusion-title-size-four\" style=\"--awb-margin-top:24px;--awb-margin-top-small:10px;--awb-margin-right-small:0px;--awb-margin-bottom-small:20px;--awb-margin-left-small:0px;\"><h4 class=\"fusion-title-heading title-heading-left fusion-responsive-typography-calculated\" style=\"margin:0;--fontSize:24;--minFontSize:24;line-height:1.42;\">Je dirige plusieurs entreprises, mais aucune d&#039;entre elles ne d\u00e9passe $30 000 de chiffre d&#039;affaires par ann\u00e9e. Dois-je m&#039;inscrire \u00e0 la TPS\/TVH\u00a0?<\/h4><\/div><div class=\"fusion-text fusion-text-2\"><p>Pour d\u00e9terminer si vous devez vous inscrire \u00e0 la TPS\/TVH, vous devez examiner vos revenus provenant de toutes vos entreprises. Si le revenu combin\u00e9 d\u00e9passe la limite de $30 000 pour un seul trimestre civil ou quatre trimestres civils cons\u00e9cutifs, vous devez alors vous inscrire \u00e0 la TPS\/TVH. Il est important de noter qu&#039;un trimestre civil est une p\u00e9riode de trois mois commen\u00e7ant le premier janvier, avril, juillet ou octobre.<\/p>\n<\/div><div class=\"fusion-title title fusion-title-4 fusion-sep-none fusion-title-text fusion-title-size-four\" style=\"--awb-margin-top:24px;--awb-margin-top-small:10px;--awb-margin-right-small:0px;--awb-margin-bottom-small:20px;--awb-margin-left-small:0px;\"><h4 class=\"fusion-title-heading title-heading-left fusion-responsive-typography-calculated\" style=\"margin:0;--fontSize:24;--minFontSize:24;line-height:1.42;\"><p class=\"MuiTypography-root MuiTypography-h4 MuiTypography-gutterBottom\">Comment calculer la taxe sur les transactions cryptographiques ?<\/p><\/h4><\/div><div class=\"fusion-text fusion-text-3\"><p>Au Canada, vous devez enregistrer la valeur de la cryptomonnaie dans votre devise locale au moment de la transaction. Cela peut prendre beaucoup de temps \u00e0 r\u00e9aliser manuellement, car la plupart des enregistrements d&#039;\u00e9changes n&#039;ont pas de prix de r\u00e9f\u00e9rence et les enregistrements entre les \u00e9changes ne sont pas facilement compatibles.<\/p>\n<\/div><div class=\"fusion-title title fusion-title-5 fusion-sep-none fusion-title-text fusion-title-size-four\" style=\"--awb-margin-top:24px;--awb-margin-top-small:10px;--awb-margin-right-small:0px;--awb-margin-bottom-small:20px;--awb-margin-left-small:0px;\"><h4 class=\"fusion-title-heading title-heading-left fusion-responsive-typography-calculated\" style=\"margin:0;--fontSize:24;--minFontSize:24;line-height:1.42;\"><p id=\"how-do-tax-authorities-know-about-my-cryptocurrency\">Comment les autorit\u00e9s fiscales connaissent-elles ma crypto-monnaie ?<\/p><\/h4><\/div><div class=\"fusion-text fusion-text-4\"><p>Les autorit\u00e9s fiscales telles que l\u2019IRS et l\u2019ARC utilisent diverses techniques pour suivre les transactions en cryptomonnaie et faire respecter la conformit\u00e9 fiscale. Pour commencer, l\u2019ARC a assign\u00e9 \u00e0 compara\u00eetre des bourses de crypto-monnaie nationales et internationales telles que Bitbuy et Newton pour obtenir des informations sur les transactions des utilisateurs. Cela a conduit \u00e0 ce qu&#039;au moins des dizaines de milliers d&#039;informations sur les transactions des utilisateurs de cryptomonnaie soient partag\u00e9es directement avec les autorit\u00e9s fiscales.<\/p>\n<p>En outre, les autorit\u00e9s fiscales, comme l\u2019ARC, utilisent des outils d\u2019analyse de donn\u00e9es tels que Chainanalysis et Palantir pour identifier les utilisateurs de crypto-monnaie et relier leur identit\u00e9 d\u2019un \u00e9change de crypto-monnaie r\u00e9glement\u00e9 \u00e0 leurs portefeuilles et transactions hors bourse (y compris plusieurs couches supprim\u00e9es de l\u2019\u00e9change).<\/p>\n<\/div><\/div><\/div><div class=\"fusion-layout-column fusion_builder_column fusion-builder-column-2 fusion_builder_column_2_5 2_5 fusion-flex-column\" style=\"--awb-bg-size:cover;--awb-width-large:40%;--awb-margin-top-large:20px;--awb-spacing-right-large:4.8%;--awb-margin-bottom-large:20px;--awb-spacing-left-large:9.6%;--awb-width-medium:50%;--awb-order-medium:0;--awb-spacing-right-medium:7.68%;--awb-spacing-left-medium:7.68%;--awb-width-small:100%;--awb-order-small:0;--awb-margin-top-small:0px;--awb-spacing-right-small:1.92%;--awb-margin-bottom-small:0px;--awb-spacing-left-small:1.92%;\"><div class=\"fusion-column-wrapper fusion-column-has-shadow fusion-flex-justify-content-flex-start fusion-content-layout-column\"><div class=\"fusion-title title fusion-title-6 fusion-sep-none fusion-title-text fusion-title-size-four\" style=\"--awb-margin-top-small:10px;--awb-margin-right-small:0px;--awb-margin-bottom-small:20px;--awb-margin-left-small:0px;\"><h4 class=\"fusion-title-heading title-heading-left fusion-responsive-typography-calculated\" style=\"margin:0;--fontSize:24;--minFontSize:24;line-height:1.42;\">Pourquoi est-il important d&#039;inscrire mon num\u00e9ro de TPS\/TVH sur ma facture ?<\/h4><\/div><div class=\"fusion-text fusion-text-5\"><p>L&#039;inclusion de votre num\u00e9ro de TPS\/TVH sur une facture est une exigence de l&#039;ARC. Cela rassure vos clients sur le fait que vous respectez la r\u00e9glementation sur la TPS\/TVH et que vous paierez le gouvernement en cons\u00e9quence. Si vous n&#039;incluez pas votre num\u00e9ro de TPS\/TVH sur votre facture, vous ne pouvez pas facturer la TPS ou la TVH au client.<\/p>\n<\/div><div class=\"fusion-title title fusion-title-7 fusion-sep-none fusion-title-text fusion-title-size-four\" style=\"--awb-margin-top:24px;--awb-margin-top-small:10px;--awb-margin-right-small:0px;--awb-margin-bottom-small:20px;--awb-margin-left-small:0px;\"><h4 class=\"fusion-title-heading title-heading-left fusion-responsive-typography-calculated\" style=\"margin:0;--fontSize:24;--minFontSize:24;line-height:1.42;\"><p class=\"MuiTypography-root MuiTypography-h4 MuiTypography-gutterBottom\">Comment la taxe sur les cryptomonnaies est-elle calcul\u00e9e au Canada ?<\/p><\/h4><\/div><div class=\"fusion-text fusion-text-6\"><p>Vous pouvez \u00eatre redevable \u00e0 la fois des gains en capital et des imp\u00f4ts sur les revenus de placement en fonction du type de transaction de crypto-monnaie et de votre situation personnelle. Par exemple, vous devrez peut-\u00eatre payer de l\u2019imp\u00f4t sur le revenu sur les gains en capital provenant de l\u2019achat et de la vente de cryptomonnaies, ou payer de l\u2019imp\u00f4t sur le revenu sur les int\u00e9r\u00eats gagn\u00e9s lorsque vous d\u00e9tenez des cryptomonnaies.<\/p>\n<\/div><div class=\"fusion-title title fusion-title-8 fusion-sep-none fusion-title-text fusion-title-size-four\" style=\"--awb-margin-top:24px;--awb-margin-top-small:10px;--awb-margin-right-small:0px;--awb-margin-bottom-small:20px;--awb-margin-left-small:0px;\"><h4 class=\"fusion-title-heading title-heading-left fusion-responsive-typography-calculated\" style=\"margin:0;--fontSize:24;--minFontSize:24;line-height:1.42;\"><p class=\"title-heading-left fusion-responsive-typography-calculated\">Puis-je d\u00e9clarer mes animaux de compagnie sur ma d\u00e9claration d&#039;imp\u00f4ts ?<\/p><\/h4><\/div><div class=\"fusion-text fusion-text-7\"><p>Vous pourrez peut-\u00eatre r\u00e9clamer des animaux si l\u2019une des situations suivantes s\u2019applique \u00e0 vous\u00a0:<\/p>\n<ul>\n<li>Vous disposez d&#039;un animal d&#039;assistance sp\u00e9cialement dress\u00e9\u00a0; ou<\/li>\n<li>Vous \u00eates agriculteur et vous avez \u00e9lev\u00e9 du b\u00e9tail \u00e0 des fins commerciales ou \u00e9lev\u00e9 des animaux en ext\u00e9rieur pour prot\u00e9ger vos cultures.<strong><br \/>\n<\/strong><\/li>\n<\/ul>\n<p>Si vous poss\u00e9dez un animal d&#039;assistance sp\u00e9cialement dress\u00e9, vous pouvez r\u00e9clamer le co\u00fbt d&#039;achat de l&#039;animal si vous \u00eates aveugle, profond\u00e9ment sourd, souffrez d&#039;une d\u00e9ficience physique grave et prolong\u00e9e qui restreint l&#039;utilisation de vos bras ou de vos jambes, \u00eates atteint d&#039;autisme ou d&#039;\u00e9pilepsie. , ou souffrez de diab\u00e8te s\u00e9v\u00e8re.<\/p>\n<\/div><div class=\"fusion-title title fusion-title-9 fusion-sep-none fusion-title-text fusion-title-size-four\" style=\"--awb-margin-top:24px;--awb-margin-top-small:10px;--awb-margin-right-small:0px;--awb-margin-bottom-small:20px;--awb-margin-left-small:0px;\"><h4 class=\"fusion-title-heading title-heading-left fusion-responsive-typography-calculated\" style=\"margin:0;--fontSize:24;--minFontSize:24;line-height:1.42;\"><p class=\"title-heading-left fusion-responsive-typography-calculated\">Dois-je choisir le FHSA ou le HBP pour \u00e9pargner en vue de l\u2019achat de ma maison ?<\/p><\/h4><\/div><div class=\"fusion-text fusion-text-8\"><p>Il n\u2019y a aucune raison de choisir, car vous pouvez avoir le meilleur des deux mondes.<\/p>\n<p>Vous pouvez (si vous y avez droit) combiner les fonds du FHSA et du HBP pour le m\u00eame achat de logement admissible. Tirer parti des deux peut vous aider \u00e0 \u00e9conomiser pour un acompte.<\/p>\n<p>Disons qu&#039;un couple (qui n&#039;a jamais \u00e9t\u00e9 propri\u00e9taire d&#039;une maison auparavant) cherche \u00e0 acheter une maison d&#039;une valeur de 1 TP4T1 000 000.<\/p>\n<p>Pour un acompte de 20%, ils devraient \u00e9conomiser $200 000 (20% sur $1 000 000). Les deux personnes ont leur propre FHSA et HBP.<\/p>\n<p>En pr\u00e9levant $60 000 du HBP et $40 000 du FHSA (ou potentiellement plus \u00e0 mesure que cet investissement augmente), chaque personne pourra contribuer $100 000.<\/p>\n<p>Cela leur donne un total combin\u00e9 de $200 000 ($100 000 x 2) \u2014 mais le montant pourrait \u00eatre plus \u00e9lev\u00e9 si les deux comptes FHSA ont b\u00e9n\u00e9fici\u00e9 d&#039;une croissance du capital.<\/p>\n<p>Contrairement au FHSA, vous \u00eates tenu de rembourser les fonds retir\u00e9s de votre RAP dans un d\u00e9lai de 15 ans. Cependant, le d\u00e9lai dont disposent les acheteurs de maison pour commencer \u00e0 rembourser leur REER a \u00e9t\u00e9 augment\u00e9 de 2 \u00e0 5 ans.<\/p>\n<\/div><\/div><\/div><\/div><\/div><div class=\"fusion-fullwidth fullwidth-box fusion-builder-row-3 fusion-flex-container nonhundred-percent-fullwidth non-hundred-percent-height-scrolling\" style=\"--awb-border-radius-top-left:0px;--awb-border-radius-top-right:0px;--awb-border-radius-bottom-right:0px;--awb-border-radius-bottom-left:0px;--awb-padding-top:102px;--awb-padding-bottom:60px;--awb-padding-bottom-medium:32px;--awb-padding-top-small:40px;--awb-padding-bottom-small:40px;--awb-flex-wrap:wrap;\" ><div class=\"fusion-builder-row fusion-row fusion-flex-align-items-flex-start fusion-flex-justify-content-center fusion-flex-content-wrap\" style=\"max-width:1310.4px;margin-left: calc(-4% \/ 2 );margin-right: calc(-4% \/ 2 );\"><div class=\"fusion-layout-column fusion_builder_column fusion-builder-column-3 fusion_builder_column_3_4 3_4 fusion-flex-column\" style=\"--awb-bg-size:cover;--awb-width-large:75%;--awb-margin-top-large:20px;--awb-spacing-right-large:2.56%;--awb-margin-bottom-large:20px;--awb-spacing-left-large:2.56%;--awb-width-medium:75%;--awb-spacing-right-medium:2.56%;--awb-margin-bottom-medium:30px;--awb-spacing-left-medium:2.56%;--awb-width-small:100%;--awb-spacing-right-small:1.92%;--awb-spacing-left-small:1.92%;\"><div class=\"fusion-column-wrapper fusion-column-has-shadow fusion-flex-justify-content-flex-start fusion-content-layout-column\"><div class=\"fusion-title title fusion-title-10 fusion-sep-none fusion-title-center fusion-title-text fusion-title-size-two\" style=\"--awb-margin-top-small:10px;--awb-margin-right-small:0px;--awb-margin-bottom-small:20px;--awb-margin-left-small:0px;\"><h2 class=\"fusion-title-heading title-heading-center fusion-responsive-typography-calculated\" style=\"margin:0;--fontSize:48;line-height:1.2;\">Obtenez une consultation personnelle<span style=\"color: #2cbc63;\">.<\/span><\/h2><\/div><div class=\"fusion-text fusion-text-9\" style=\"--awb-content-alignment:center;--awb-font-size:26px;--awb-line-height:36px;\"><p>Envoyez-nous un courriel aujourd&#039;hui \u00e0 <a href=\"mailto:info@canadataxpro.ca\"><span style=\"color: #2cbc63;\">info@canadataxpro.ca<\/span><\/a><\/p>\n<\/div><\/div><\/div><\/div><\/div>\n<\/p>","protected":false},"excerpt":{"rendered":"","protected":false},"author":1,"featured_media":0,"parent":0,"menu_order":0,"comment_status":"closed","ping_status":"closed","template":"100-width.php","meta":{"footnotes":""},"class_list":["post-1103","page","type-page","status-publish","hentry"],"_links":{"self":[{"href":"https:\/\/canadataxpro.com\/fr\/wp-json\/wp\/v2\/pages\/1103","targetHints":{"allow":["GET"]}}],"collection":[{"href":"https:\/\/canadataxpro.com\/fr\/wp-json\/wp\/v2\/pages"}],"about":[{"href":"https:\/\/canadataxpro.com\/fr\/wp-json\/wp\/v2\/types\/page"}],"author":[{"embeddable":true,"href":"https:\/\/canadataxpro.com\/fr\/wp-json\/wp\/v2\/users\/1"}],"replies":[{"embeddable":true,"href":"https:\/\/canadataxpro.com\/fr\/wp-json\/wp\/v2\/comments?post=1103"}],"version-history":[{"count":12,"href":"https:\/\/canadataxpro.com\/fr\/wp-json\/wp\/v2\/pages\/1103\/revisions"}],"predecessor-version":[{"id":27435,"href":"https:\/\/canadataxpro.com\/fr\/wp-json\/wp\/v2\/pages\/1103\/revisions\/27435"}],"wp:attachment":[{"href":"https:\/\/canadataxpro.com\/fr\/wp-json\/wp\/v2\/media?parent=1103"}],"curies":[{"name":"wp","href":"https:\/\/api.w.org\/{rel}","templated":true}]}}