{"id":3054,"date":"2021-11-05T12:17:00","date_gmt":"2021-11-05T19:17:00","guid":{"rendered":"https:\/\/canadataxpro.com\/?page_id=3054"},"modified":"2024-07-17T19:27:08","modified_gmt":"2024-07-18T02:27:08","slug":"small-business","status":"publish","type":"page","link":"https:\/\/canadataxpro.com\/fr\/tax-situation\/small-business\/","title":{"rendered":"Petite entreprise"},"content":{"rendered":"<p><div class=\"fusion-fullwidth fullwidth-box fusion-builder-row-1 fusion-flex-container nonhundred-percent-fullwidth non-hundred-percent-height-scrolling\" style=\"--awb-border-radius-top-left:0px;--awb-border-radius-top-right:0px;--awb-border-radius-bottom-right:0px;--awb-border-radius-bottom-left:0px;--awb-padding-top:0px;--awb-padding-bottom:48px;--awb-padding-top-medium:80px;--awb-padding-top-small:0px;--awb-padding-bottom-small:20px;--awb-margin-top:0px;--awb-flex-wrap:wrap;\" ><div class=\"fusion-builder-row fusion-row fusion-flex-align-items-flex-start fusion-flex-content-wrap\" style=\"max-width:1310.4px;margin-left: calc(-4% \/ 2 );margin-right: calc(-4% \/ 2 );\"><div class=\"fusion-layout-column fusion_builder_column fusion-builder-column-0 fusion_builder_column_1_1 1_1 fusion-flex-column fusion-flex-align-self-flex-start\" style=\"--awb-bg-size:cover;--awb-width-large:100%;--awb-margin-top-large:20px;--awb-spacing-right-large:1.92%;--awb-margin-bottom-large:20px;--awb-spacing-left-large:1.92%;--awb-width-medium:100%;--awb-order-medium:0;--awb-spacing-right-medium:1.92%;--awb-spacing-left-medium:1.92%;--awb-width-small:100%;--awb-order-small:0;--awb-spacing-right-small:1.92%;--awb-spacing-left-small:1.92%;\"><div class=\"fusion-column-wrapper fusion-column-has-shadow fusion-flex-justify-content-flex-start fusion-content-layout-column\"><div class=\"fusion-title title fusion-title-1 fusion-sep-none fusion-title-text fusion-title-size-two\" style=\"--awb-margin-top-small:10px;--awb-margin-right-small:0px;--awb-margin-bottom-small:20px;--awb-margin-left-small:0px;\"><h2 class=\"fusion-title-heading title-heading-left fusion-responsive-typography-calculated\" style=\"margin:0;--fontSize:48;line-height:1.2;\"><h3 class=\"fusion-title-heading title-heading-center fusion-responsive-typography-calculated\" style=\"text-align: center;\">Prenez rendez-vous avec votre fiscaliste\u00a0!<\/h3><\/h2><\/div><\/div><\/div><div class=\"fusion-layout-column fusion_builder_column fusion-builder-column-1 fusion_builder_column_2_5 2_5 fusion-flex-column\" style=\"--awb-bg-size:cover;--awb-width-large:40%;--awb-margin-top-large:20px;--awb-spacing-right-large:19.2%;--awb-margin-bottom-large:20px;--awb-spacing-left-large:14.4%;--awb-width-medium:50%;--awb-order-medium:0;--awb-spacing-right-medium:15.36%;--awb-spacing-left-medium:11.52%;--awb-width-small:100%;--awb-order-small:0;--awb-spacing-right-small:1.92%;--awb-margin-bottom-small:0px;--awb-spacing-left-small:1.92%;\"><div class=\"fusion-column-wrapper fusion-column-has-shadow fusion-flex-justify-content-center fusion-content-layout-column\"><div class=\"fusion-title title fusion-title-2 fusion-sep-none fusion-title-highlight fusion-animate-loop fusion-highlight-circle fusion-title-size-four\" style=\"--awb-text-color:#2cbc63;--awb-margin-top:0px;--awb-margin-bottom:16px;--awb-margin-top-small:10px;--awb-margin-right-small:0px;--awb-margin-bottom-small:20px;--awb-margin-left-small:0px;\" data-highlight=\"circle\"><h4 class=\"fusion-title-heading title-heading-left fusion-responsive-typography-calculated\" style=\"margin:0;--fontSize:24;--minFontSize:24;line-height:1.42;\"><span class=\"fusion-highlighted-text-prefix\">Un prix abordable \u00e0 <\/span> <span class=\"fusion-highlighted-text-wrapper\"><span class=\"fusion-highlighted-text\">$296!<\/span><svg xmlns=\"http:\/\/www.w3.org\/2000\/svg\" viewbox=\"0 0 500 150\" preserveaspectratio=\"none\"><path d=\"M344.6,40.1c0,0-293-3.4-330.7,40.3c-5.2,6-3.5,15.3,3.3,19.4c65.8,39,315.8,42.3,451.2-3 c6.3-2.1,12-6.1,16-11.4C527.9,27,242,16.1,242,16.1\"><\/path><\/svg><\/span> <span class=\"fusion-highlighted-text-postfix\"><\/span><\/h4><\/div><div class=\"fusion-title title fusion-title-3 fusion-sep-none fusion-title-text fusion-title-size-two\" style=\"--awb-margin-top:0px;--awb-margin-top-small:10px;--awb-margin-right-small:0px;--awb-margin-bottom-small:20px;--awb-margin-left-small:0px;\"><h2 class=\"fusion-title-heading title-heading-left fusion-responsive-typography-calculated\" style=\"margin:0;--fontSize:48;line-height:1.2;\">Chacun de nos services de d\u00e9claration de revenus offre un avantage suppl\u00e9mentaire de 30 minutes de consultation GRATUITE.<\/h2><\/div><div class=\"fusion-text fusion-text-1\"><div id=\"eq1rZfX9ObfM0PEPhbygkA0__15\">\n<div class=\"wDYxhc\" data-md=\"61\">\n<div class=\"LGOjhe\" role=\"heading\" data-attrid=\"wa:\/description\" aria-level=\"3\" data-hveid=\"CBUQAA\"><span class=\"ILfuVd\" lang=\"en\"><span class=\"hgKElc\">Si vous contr\u00f4lez vos horaires, d\u00e9cidez quand et comment vous effectuez votre travail, fournissez votre propre \u00e9quipement, assumez la plupart des co\u00fbts d&#039;entreprise associ\u00e9s au travail et que vous r\u00e9alisez un profit ou une perte, vous \u00eates un travailleur autonome et vous devez utiliser le formulaire T2125.<\/span><\/span><\/div>\n<div role=\"heading\" data-attrid=\"wa:\/description\" aria-level=\"3\" data-hveid=\"CBUQAA\"><\/div>\n<div role=\"heading\" data-attrid=\"wa:\/description\" aria-level=\"3\" data-hveid=\"CBUQAA\">Nos prix indiqu\u00e9s ici sont des tarifs de d\u00e9part et peuvent changer une fois que nous avons commenc\u00e9.<\/div>\n<\/div>\n<\/div>\n<\/div><\/div><\/div><div class=\"fusion-layout-column fusion_builder_column fusion-builder-column-2 fusion_builder_column_3_5 3_5 fusion-flex-column\" style=\"--awb-bg-position:center top;--awb-bg-size:cover;--awb-width-large:60%;--awb-margin-top-large:10px;--awb-spacing-right-large:3.2%;--awb-margin-bottom-large:10px;--awb-spacing-left-large:3.2%;--awb-width-medium:60%;--awb-order-medium:0;--awb-spacing-right-medium:3.2%;--awb-spacing-left-medium:3.2%;--awb-width-small:100%;--awb-order-small:0;--awb-spacing-right-small:1.92%;--awb-margin-bottom-small:0px;--awb-spacing-left-small:1.92%;\"><div class=\"fusion-column-wrapper fusion-column-has-shadow fusion-flex-justify-content-center fusion-content-layout-column\"><!-- Calendly inline widget begin -->\n<div class=\"calendly-inline-widget\" data-url=\"https:\/\/calendly.com\/impotaxpro\/30min\" style=\"min-width:320px;height:630px;\"><\/div>\n<script type=\"text\/javascript\" src=\"https:\/\/assets.calendly.com\/assets\/external\/widget.js\" async><\/script>\n<!-- Calendly inline widget end --><\/div><\/div><\/div><\/div><div class=\"fusion-fullwidth fullwidth-box fusion-builder-row-2 fusion-flex-container nonhundred-percent-fullwidth non-hundred-percent-height-scrolling\" style=\"--awb-border-radius-top-left:0px;--awb-border-radius-top-right:0px;--awb-border-radius-bottom-right:0px;--awb-border-radius-bottom-left:0px;--awb-flex-wrap:wrap;\" ><div class=\"fusion-builder-row fusion-row fusion-flex-align-items-flex-start fusion-flex-content-wrap\" style=\"max-width:1310.4px;margin-left: calc(-4% \/ 2 );margin-right: calc(-4% \/ 2 );\"><div class=\"fusion-layout-column fusion_builder_column fusion-builder-column-3 fusion_builder_column_1_1 1_1 fusion-flex-column\" style=\"--awb-padding-top:36px;--awb-padding-right:40px;--awb-padding-bottom:16px;--awb-padding-left:40px;--awb-overflow:hidden;--awb-bg-size:cover;--awb-box-shadow:0px 2px 4px -1px rgba(0,0,0,0.05);;--awb-border-color:rgba(0,0,0,0.05);--awb-border-top:1px;--awb-border-right:1px;--awb-border-bottom:1px;--awb-border-left:1px;--awb-border-style:solid;--awb-border-radius:8px 8px 8px 8px;--awb-width-large:100%;--awb-margin-top-large:20px;--awb-spacing-right-large:20px;--awb-margin-bottom-large:20px;--awb-spacing-left-large:20px;--awb-width-medium:50%;--awb-order-medium:0;--awb-spacing-right-medium:20px;--awb-spacing-left-medium:20px;--awb-width-small:100%;--awb-order-small:0;--awb-spacing-right-small:1.92%;--awb-margin-bottom-small:10px;--awb-spacing-left-small:1.92%;\"><div class=\"fusion-column-wrapper fusion-column-has-shadow fusion-flex-justify-content-flex-start fusion-content-layout-column\"><i class=\"fb-icon-element-1 fb-icon-element fontawesome-icon icon-retrobusiness-loan circle-no fusion-text-flow icon-hover-animation-slide\" style=\"--awb-iconcolor-hover:#2cbc63;--awb-font-size:32px;--awb-margin-bottom:16px;\"><\/i><div class=\"fusion-title title fusion-title-4 fusion-sep-none fusion-title-text fusion-title-size-two\" style=\"--awb-margin-top-small:10px;--awb-margin-right-small:0px;--awb-margin-bottom-small:20px;--awb-margin-left-small:0px;\"><h2 class=\"fusion-title-heading title-heading-left fusion-responsive-typography-calculated\" style=\"margin:0;--fontSize:48;line-height:1.2;\">Petite entreprise<\/h2><\/div><div class=\"fusion-text fusion-text-2\"><div>\n<div>\n<p>En tant que propri\u00e9taire d&#039;entreprise ou entrepreneur, il est important de comprendre les implications fiscales de vos activit\u00e9s commerciales. Cela comprend la d\u00e9termination de l\u2019opportunit\u00e9 de constituer ou non votre entreprise, ainsi que la compr\u00e9hension de la diff\u00e9rence entre les revenus provenant des activit\u00e9s commerciales et les revenus provenant de l\u2019augmentation de la valeur des immobilisations.<\/p>\n<\/div>\n<div>\n<p>La constitution de votre entreprise peut offrir des avantages tels que la limitation de votre responsabilit\u00e9 personnelle et potentiellement la r\u00e9duction de votre fardeau fiscal. Cependant, il est important de peser les co\u00fbts et les avantages avant de prendre une d\u00e9cision. Nos fiscalistes sont l\u00e0 pour vous guider tout au long du processus et vous aider \u00e0 prendre une d\u00e9cision \u00e9clair\u00e9e qui convient \u00e0 votre entreprise.<\/p>\n<\/div>\n<div>\n<p>Lorsqu&#039;il s&#039;agit d&#039;organiser vos re\u00e7us et de comprendre les imp\u00f4ts de votre entreprise, notre \u00e9quipe est l\u00e0 pour vous aider, quel que soit l&#039;\u00e9tat de vos dossiers. Nous pouvons vous aider \u00e0 tout comprendre et veiller \u00e0 ce que vous profitiez de toutes les d\u00e9ductions et cr\u00e9dits disponibles. Ne laissez pas la saison des imp\u00f4ts vous stresser \u2013 laissez nos experts s&#039;en occuper pour vous.<\/p>\n<\/div>\n<\/div>\n<p>Nous offrons de nombreux services aux travailleurs autonomes, notamment :<\/p>\n<\/div><ul style=\"--awb-iconcolor:#2cbc63;--awb-line-height:30.6px;--awb-icon-width:30.6px;--awb-icon-height:30.6px;--awb-icon-margin:12.6px;--awb-content-margin:43.2px;\" class=\"fusion-checklist fusion-checklist-1 fusion-checklist-default type-icons\"><li class=\"fusion-li-item\" style=\"\"><span class=\"icon-wrapper circle-no\"><i class=\"fusion-li-icon icon-accountant-check\" aria-hidden=\"true\"><\/i><\/span><div class=\"fusion-li-item-content\">\n<p>Comment pouvez-vous combiner votre perte d\u2019entreprise avec vos autres revenus pour maximiser votre remboursement ou minimiser votre obligation fiscale.<\/p>\n<\/div><\/li><li class=\"fusion-li-item\" style=\"\"><span class=\"icon-wrapper circle-no\"><i class=\"fusion-li-icon icon-accountant-check\" aria-hidden=\"true\"><\/i><\/span><div class=\"fusion-li-item-content\">\n<p>Distinguer les activit\u00e9s commerciales des autres types d\u2019activit\u00e9s comme la location, l\u2019emploi ou l\u2019investissement.<\/p>\n<\/div><\/li><li class=\"fusion-li-item\" style=\"\"><span class=\"icon-wrapper circle-no\"><i class=\"fusion-li-icon icon-accountant-check\" aria-hidden=\"true\"><\/i><\/span><div class=\"fusion-li-item-content\">\n<p>Assurez-vous que l&#039;activit\u00e9 de chaque entreprise distincte est d\u00e9clar\u00e9e sur un formulaire T2125 distinct, ainsi que les cons\u00e9quences fiscales qui en d\u00e9coulent.<\/p>\n<\/div><\/li><li class=\"fusion-li-item\" style=\"\"><span class=\"icon-wrapper circle-no\"><i class=\"fusion-li-icon icon-accountant-check\" aria-hidden=\"true\"><\/i><\/span><div class=\"fusion-li-item-content\">\n<p>Ouvrez un compte de programme de paie, d\u00e9duisez et versez l\u2019imp\u00f4t sur le revenu, le RPC et l\u2019AE.<\/p>\n<\/div><\/li><li class=\"fusion-li-item\" style=\"\"><span class=\"icon-wrapper circle-no\"><i class=\"fusion-li-icon icon-accountant-check\" aria-hidden=\"true\"><\/i><\/span><div class=\"fusion-li-item-content\">\n<p>Inscrivez-vous au compte TPS\/TVH, percevez et versez la TPS per\u00e7ue.<\/p>\n<\/div><\/li><\/ul><div class=\"fusion-separator fusion-full-width-sep\" style=\"align-self: center;margin-left: auto;margin-right: auto;margin-bottom:20px;width:100%;\"><\/div>\n<div class=\"table-2\">\n<table width=\"100%\">\n<thead>\n<tr>\n<th align=\"left\"><strong>Feuille de calcul pour petites entreprises<\/strong><\/th>\n<th align=\"left\">C&#039;est tout ce dont vous avez besoin pour nous contacter pour le compte de r\u00e9sultat de votre petite entreprise. Cela rendra la d\u00e9claration d\u2019imp\u00f4t beaucoup plus facile\u00a0!<\/th>\n<th align=\"left\"><a href=\"https:\/\/canadataxpro.com\/wp-content\/uploads\/2021\/11\/Business-Income-Statment.xlsx\">T\u00c9L\u00c9CHARGER<\/a><\/th>\n<\/tr>\n<\/thead>\n<\/table>\n<\/div>\n<\/div><\/div><\/div><\/div><\/p>","protected":false},"excerpt":{"rendered":"","protected":false},"author":1,"featured_media":0,"parent":48,"menu_order":0,"comment_status":"closed","ping_status":"closed","template":"100-width.php","meta":{"footnotes":""},"class_list":["post-3054","page","type-page","status-publish","hentry"],"_links":{"self":[{"href":"https:\/\/canadataxpro.com\/fr\/wp-json\/wp\/v2\/pages\/3054","targetHints":{"allow":["GET"]}}],"collection":[{"href":"https:\/\/canadataxpro.com\/fr\/wp-json\/wp\/v2\/pages"}],"about":[{"href":"https:\/\/canadataxpro.com\/fr\/wp-json\/wp\/v2\/types\/page"}],"author":[{"embeddable":true,"href":"https:\/\/canadataxpro.com\/fr\/wp-json\/wp\/v2\/users\/1"}],"replies":[{"embeddable":true,"href":"https:\/\/canadataxpro.com\/fr\/wp-json\/wp\/v2\/comments?post=3054"}],"version-history":[{"count":20,"href":"https:\/\/canadataxpro.com\/fr\/wp-json\/wp\/v2\/pages\/3054\/revisions"}],"predecessor-version":[{"id":4879,"href":"https:\/\/canadataxpro.com\/fr\/wp-json\/wp\/v2\/pages\/3054\/revisions\/4879"}],"up":[{"embeddable":true,"href":"https:\/\/canadataxpro.com\/fr\/wp-json\/wp\/v2\/pages\/48"}],"wp:attachment":[{"href":"https:\/\/canadataxpro.com\/fr\/wp-json\/wp\/v2\/media?parent=3054"}],"curies":[{"name":"wp","href":"https:\/\/api.w.org\/{rel}","templated":true}]}}