{"id":3087,"date":"2021-11-05T14:29:56","date_gmt":"2021-11-05T21:29:56","guid":{"rendered":"https:\/\/canadataxpro.com\/?page_id=3087"},"modified":"2023-12-18T15:09:35","modified_gmt":"2023-12-18T23:09:35","slug":"employment","status":"publish","type":"page","link":"https:\/\/canadataxpro.com\/fr\/tax-situation\/employment\/","title":{"rendered":"Emploi"},"content":{"rendered":"<div class=\"fusion-fullwidth fullwidth-box fusion-builder-row-1 fusion-flex-container hundred-percent-fullwidth non-hundred-percent-height-scrolling\" style=\"--awb-border-radius-top-left:0px;--awb-border-radius-top-right:0px;--awb-border-radius-bottom-right:0px;--awb-border-radius-bottom-left:0px;--awb-flex-wrap:wrap;\" ><div class=\"fusion-builder-row fusion-row fusion-flex-align-items-flex-start fusion-flex-content-wrap\" style=\"width:104% !important;max-width:104% !important;margin-left: calc(-4% \/ 2 );margin-right: calc(-4% \/ 2 );\"><div class=\"fusion-layout-column fusion_builder_column fusion-builder-column-0 fusion_builder_column_1_1 1_1 fusion-flex-column\" style=\"--awb-padding-top:36px;--awb-padding-right:40px;--awb-padding-bottom:16px;--awb-padding-left:40px;--awb-overflow:hidden;--awb-bg-size:cover;--awb-box-shadow:0px 2px 4px -1px rgba(0,0,0,0.05);;--awb-border-color:rgba(0,0,0,0.05);--awb-border-top:1px;--awb-border-right:1px;--awb-border-bottom:1px;--awb-border-left:1px;--awb-border-style:solid;--awb-border-radius:8px 8px 8px 8px;--awb-width-large:100%;--awb-margin-top-large:20px;--awb-spacing-right-large:20px;--awb-margin-bottom-large:20px;--awb-spacing-left-large:20px;--awb-width-medium:50%;--awb-order-medium:0;--awb-spacing-right-medium:20px;--awb-spacing-left-medium:20px;--awb-width-small:100%;--awb-order-small:0;--awb-spacing-right-small:1.92%;--awb-margin-bottom-small:10px;--awb-spacing-left-small:1.92%;\"><div class=\"fusion-column-wrapper fusion-column-has-shadow fusion-flex-justify-content-flex-start fusion-content-layout-column\"><i class=\"fb-icon-element-1 fb-icon-element fontawesome-icon icon-retrobuilder circle-no fusion-text-flow icon-hover-animation-slide\" style=\"--awb-font-size:32px;--awb-margin-bottom:16px;\"><\/i><div class=\"fusion-title title fusion-title-1 fusion-sep-none fusion-title-text fusion-title-size-two\" style=\"--awb-margin-top-small:10px;--awb-margin-right-small:0px;--awb-margin-bottom-small:20px;--awb-margin-left-small:0px;\"><h2 class=\"fusion-title-heading title-heading-left fusion-responsive-typography-calculated\" style=\"margin:0;--fontSize:48;line-height:1.2;\">Emploi<\/h2><\/div><div class=\"fusion-text fusion-text-1\"><p>Nos fiscalistes sont l\u00e0 pour d\u00e9terminer l&#039;admissibilit\u00e9 aux d\u00e9penses d&#039;emploi pour diverses cat\u00e9gories de contribuables, remplir les formulaires requis et calculer la d\u00e9duction admissible\u00a0; et<\/p>\n<\/div><ul style=\"--awb-iconcolor:#2cbc63;--awb-line-height:30.6px;--awb-icon-width:30.6px;--awb-icon-height:30.6px;--awb-icon-margin:12.6px;--awb-content-margin:43.2px;\" class=\"fusion-checklist fusion-checklist-1 fusion-checklist-default type-icons\"><li class=\"fusion-li-item\" style=\"\"><span class=\"icon-wrapper circle-no\"><i class=\"fusion-li-icon icon-accountant-check\" aria-hidden=\"true\"><\/i><\/span><div class=\"fusion-li-item-content\">R\u00e9clamez des d\u00e9ductions accessibles \u00e0 tous les employ\u00e9s, quelle que soit leur profession.<\/div><\/li><li class=\"fusion-li-item\" style=\"\"><span class=\"icon-wrapper circle-no\"><i class=\"fusion-li-icon icon-accountant-check\" aria-hidden=\"true\"><\/i><\/span><div class=\"fusion-li-item-content\">\n<p>R\u00e9clamez les d\u00e9ductions pr\u00e9vues pour les employ\u00e9s exer\u00e7ant certaines professions sp\u00e9cifiques, comme les employ\u00e9s \u00e0 commission, les transports, les m\u00e9tiers, la musique et les soins infirmiers.<\/p>\n<\/div><\/li><li class=\"fusion-li-item\" style=\"\"><span class=\"icon-wrapper circle-no\"><i class=\"fusion-li-icon icon-accountant-check\" aria-hidden=\"true\"><\/i><\/span><div class=\"fusion-li-item-content\">\n<p>Demandez et calculez le remboursement de la TPS\/TVH pour les employ\u00e9s qualifi\u00e9s.<\/p>\n<\/div><\/li><li class=\"fusion-li-item\" style=\"\"><span class=\"icon-wrapper circle-no\"><i class=\"fusion-li-icon icon-accountant-check\" aria-hidden=\"true\"><\/i><\/span><div class=\"fusion-li-item-content\">\n<p>Tenir des registres d\u00e9taill\u00e9s des d\u00e9penses d\u2019emploi afin de justifier les r\u00e9clamations.<\/p>\n<\/div><\/li><li class=\"fusion-li-item\" style=\"\"><span class=\"icon-wrapper circle-no\"><i class=\"fusion-li-icon icon-accountant-check\" aria-hidden=\"true\"><\/i><\/span><div class=\"fusion-li-item-content\">Vous aider \u00e0 remplir et certifier le formulaire T2200 requis <em>D\u00e9claration des conditions de<\/em> <em>Emploi<\/em>, pour garantir que l&#039;ARC autorisera la demande connexe.<\/div><\/li><\/ul><div class=\"fusion-separator fusion-full-width-sep\" style=\"align-self: center;margin-left: auto;margin-right: auto;margin-bottom:20px;width:100%;\"><\/div>\n<div class=\"table-2\">\n<table width=\"100%\">\n<thead>\n<tr>\n<th align=\"left\"><strong>Feuille de calcul d&#039;emploi<\/strong><\/th>\n<th align=\"left\">C\u2019est tout ce dont vous avez besoin pour nous contacter pour votre relev\u00e9 de d\u00e9penses d\u2019emploi. Cela rendra la d\u00e9claration d\u2019imp\u00f4t beaucoup plus facile\u00a0!<\/th>\n<th align=\"left\"><a href=\"https:\/\/canadataxpro.com\/wp-content\/uploads\/2023\/12\/Employment-Related-Expenses-Spreadsheet-1.xlsx\">T\u00c9L\u00c9CHARGER<\/a><\/th>\n<\/tr>\n<\/thead>\n<\/table>\n<\/div>\n<\/div><\/div><\/div><\/div>","protected":false},"excerpt":{"rendered":"","protected":false},"author":1,"featured_media":0,"parent":48,"menu_order":0,"comment_status":"closed","ping_status":"closed","template":"100-width.php","meta":{"footnotes":""},"class_list":["post-3087","page","type-page","status-publish","hentry"],"_links":{"self":[{"href":"https:\/\/canadataxpro.com\/fr\/wp-json\/wp\/v2\/pages\/3087","targetHints":{"allow":["GET"]}}],"collection":[{"href":"https:\/\/canadataxpro.com\/fr\/wp-json\/wp\/v2\/pages"}],"about":[{"href":"https:\/\/canadataxpro.com\/fr\/wp-json\/wp\/v2\/types\/page"}],"author":[{"embeddable":true,"href":"https:\/\/canadataxpro.com\/fr\/wp-json\/wp\/v2\/users\/1"}],"replies":[{"embeddable":true,"href":"https:\/\/canadataxpro.com\/fr\/wp-json\/wp\/v2\/comments?post=3087"}],"version-history":[{"count":10,"href":"https:\/\/canadataxpro.com\/fr\/wp-json\/wp\/v2\/pages\/3087\/revisions"}],"predecessor-version":[{"id":4902,"href":"https:\/\/canadataxpro.com\/fr\/wp-json\/wp\/v2\/pages\/3087\/revisions\/4902"}],"up":[{"embeddable":true,"href":"https:\/\/canadataxpro.com\/fr\/wp-json\/wp\/v2\/pages\/48"}],"wp:attachment":[{"href":"https:\/\/canadataxpro.com\/fr\/wp-json\/wp\/v2\/media?parent=3087"}],"curies":[{"name":"wp","href":"https:\/\/api.w.org\/{rel}","templated":true}]}}