{"id":3095,"date":"2021-11-05T14:43:08","date_gmt":"2021-11-05T21:43:08","guid":{"rendered":"https:\/\/canadataxpro.com\/?page_id=3095"},"modified":"2023-12-02T14:59:01","modified_gmt":"2023-12-02T22:59:01","slug":"rental-income","status":"publish","type":"page","link":"https:\/\/canadataxpro.com\/fr\/tax-situation\/rental-income\/","title":{"rendered":"Revenu de Location"},"content":{"rendered":"<p><div class=\"fusion-fullwidth fullwidth-box fusion-builder-row-1 fusion-flex-container nonhundred-percent-fullwidth non-hundred-percent-height-scrolling\" style=\"--awb-border-radius-top-left:0px;--awb-border-radius-top-right:0px;--awb-border-radius-bottom-right:0px;--awb-border-radius-bottom-left:0px;--awb-padding-top:0px;--awb-padding-bottom:48px;--awb-padding-top-medium:80px;--awb-padding-top-small:0px;--awb-padding-bottom-small:20px;--awb-margin-top:0px;--awb-flex-wrap:wrap;\" ><div class=\"fusion-builder-row fusion-row fusion-flex-align-items-flex-start fusion-flex-content-wrap\" style=\"max-width:1310.4px;margin-left: calc(-4% \/ 2 );margin-right: calc(-4% \/ 2 );\"><div class=\"fusion-layout-column fusion_builder_column fusion-builder-column-0 fusion_builder_column_1_1 1_1 fusion-flex-column fusion-flex-align-self-flex-start\" style=\"--awb-bg-size:cover;--awb-width-large:100%;--awb-margin-top-large:20px;--awb-spacing-right-large:1.92%;--awb-margin-bottom-large:20px;--awb-spacing-left-large:1.92%;--awb-width-medium:100%;--awb-order-medium:0;--awb-spacing-right-medium:1.92%;--awb-spacing-left-medium:1.92%;--awb-width-small:100%;--awb-order-small:0;--awb-spacing-right-small:1.92%;--awb-spacing-left-small:1.92%;\"><div class=\"fusion-column-wrapper fusion-column-has-shadow fusion-flex-justify-content-flex-start fusion-content-layout-column\"><div class=\"fusion-title title fusion-title-1 fusion-sep-none fusion-title-text fusion-title-size-two\" style=\"--awb-margin-top-small:10px;--awb-margin-right-small:0px;--awb-margin-bottom-small:20px;--awb-margin-left-small:0px;\"><h2 class=\"fusion-title-heading title-heading-left fusion-responsive-typography-calculated\" style=\"margin:0;--fontSize:48;line-height:1.2;\"><h3 class=\"fusion-title-heading title-heading-center fusion-responsive-typography-calculated\" style=\"text-align: center;\">Prenez rendez-vous avec votre fiscaliste\u00a0!<\/h3><\/h2><\/div><\/div><\/div><div class=\"fusion-layout-column fusion_builder_column fusion-builder-column-1 fusion_builder_column_2_5 2_5 fusion-flex-column\" style=\"--awb-bg-size:cover;--awb-width-large:40%;--awb-margin-top-large:20px;--awb-spacing-right-large:19.2%;--awb-margin-bottom-large:20px;--awb-spacing-left-large:14.4%;--awb-width-medium:50%;--awb-order-medium:0;--awb-spacing-right-medium:15.36%;--awb-spacing-left-medium:11.52%;--awb-width-small:100%;--awb-order-small:0;--awb-spacing-right-small:1.92%;--awb-margin-bottom-small:0px;--awb-spacing-left-small:1.92%;\"><div class=\"fusion-column-wrapper fusion-column-has-shadow fusion-flex-justify-content-center fusion-content-layout-column\"><div class=\"fusion-title title fusion-title-2 fusion-sep-none fusion-title-highlight fusion-animate-loop fusion-highlight-circle fusion-title-size-four\" style=\"--awb-text-color:#2cbc63;--awb-margin-top:0px;--awb-margin-bottom:16px;--awb-margin-top-small:10px;--awb-margin-right-small:0px;--awb-margin-bottom-small:20px;--awb-margin-left-small:0px;\" data-highlight=\"circle\"><h4 class=\"fusion-title-heading title-heading-left fusion-responsive-typography-calculated\" style=\"margin:0;--fontSize:24;--minFontSize:24;line-height:1.42;\"><span class=\"fusion-highlighted-text-prefix\">Un prix abordable \u00e0 <\/span> <span class=\"fusion-highlighted-text-wrapper\"><span class=\"fusion-highlighted-text\">$296!<\/span><svg xmlns=\"http:\/\/www.w3.org\/2000\/svg\" viewbox=\"0 0 500 150\" preserveaspectratio=\"none\"><path d=\"M344.6,40.1c0,0-293-3.4-330.7,40.3c-5.2,6-3.5,15.3,3.3,19.4c65.8,39,315.8,42.3,451.2-3 c6.3-2.1,12-6.1,16-11.4C527.9,27,242,16.1,242,16.1\"><\/path><\/svg><\/span> <span class=\"fusion-highlighted-text-postfix\"><\/span><\/h4><\/div><div class=\"fusion-title title fusion-title-3 fusion-sep-none fusion-title-text fusion-title-size-two\" style=\"--awb-margin-top:0px;--awb-margin-top-small:10px;--awb-margin-right-small:0px;--awb-margin-bottom-small:20px;--awb-margin-left-small:0px;\"><h2 class=\"fusion-title-heading title-heading-left fusion-responsive-typography-calculated\" style=\"margin:0;--fontSize:48;line-height:1.2;\">Chacun de nos services de d\u00e9claration de revenus offre un avantage suppl\u00e9mentaire de 30 minutes de consultation GRATUITE.<\/h2><\/div><div class=\"fusion-text fusion-text-1\"><p>Le formulaire T776, \u00c9tat des loyers de biens immobiliers, est l&#039;endroit o\u00f9 vous pouvez d\u00e9clarer vos revenus et d\u00e9penses li\u00e9s aux revenus de location. Il s&#039;agit g\u00e9n\u00e9ralement d&#039;un revenu provenant d&#039;un bien immobilier dans lequel vous louez un espace et fournissez uniquement des services de base (chauffage, \u00e9clairage, stationnement et buanderie).<\/p>\n<p>Nos prix indiqu\u00e9s ici sont des tarifs de d\u00e9part et peuvent changer une fois que nous avons commenc\u00e9.<\/p>\n<\/div><\/div><\/div><div class=\"fusion-layout-column fusion_builder_column fusion-builder-column-2 fusion_builder_column_3_5 3_5 fusion-flex-column\" style=\"--awb-bg-position:center top;--awb-bg-size:cover;--awb-width-large:60%;--awb-margin-top-large:10px;--awb-spacing-right-large:3.2%;--awb-margin-bottom-large:10px;--awb-spacing-left-large:3.2%;--awb-width-medium:60%;--awb-order-medium:0;--awb-spacing-right-medium:3.2%;--awb-spacing-left-medium:3.2%;--awb-width-small:100%;--awb-order-small:0;--awb-spacing-right-small:1.92%;--awb-margin-bottom-small:0px;--awb-spacing-left-small:1.92%;\"><div class=\"fusion-column-wrapper fusion-column-has-shadow fusion-flex-justify-content-center fusion-content-layout-column\"><!-- Calendly inline widget begin -->\n<div class=\"calendly-inline-widget\" data-url=\"https:\/\/calendly.com\/impotaxpro\/30min\" style=\"min-width:320px;height:630px;\"><\/div>\n<script type=\"text\/javascript\" src=\"https:\/\/assets.calendly.com\/assets\/external\/widget.js\" async><\/script>\n<!-- Calendly inline widget end --><\/div><\/div><\/div><\/div><div class=\"fusion-fullwidth fullwidth-box fusion-builder-row-2 fusion-flex-container nonhundred-percent-fullwidth non-hundred-percent-height-scrolling\" style=\"--awb-border-radius-top-left:0px;--awb-border-radius-top-right:0px;--awb-border-radius-bottom-right:0px;--awb-border-radius-bottom-left:0px;--awb-flex-wrap:wrap;\" ><div class=\"fusion-builder-row fusion-row fusion-flex-align-items-flex-start fusion-flex-content-wrap\" style=\"max-width:1310.4px;margin-left: calc(-4% \/ 2 );margin-right: calc(-4% \/ 2 );\"><div class=\"fusion-layout-column fusion_builder_column fusion-builder-column-3 fusion_builder_column_1_1 1_1 fusion-flex-column\" style=\"--awb-padding-top:36px;--awb-padding-right:40px;--awb-padding-bottom:16px;--awb-padding-left:40px;--awb-overflow:hidden;--awb-bg-size:cover;--awb-box-shadow:0px 2px 4px -1px rgba(0,0,0,0.05);;--awb-border-color:rgba(0,0,0,0.05);--awb-border-top:1px;--awb-border-right:1px;--awb-border-bottom:1px;--awb-border-left:1px;--awb-border-style:solid;--awb-border-radius:8px 8px 8px 8px;--awb-width-large:100%;--awb-margin-top-large:20px;--awb-spacing-right-large:20px;--awb-margin-bottom-large:20px;--awb-spacing-left-large:20px;--awb-width-medium:50%;--awb-order-medium:0;--awb-spacing-right-medium:20px;--awb-spacing-left-medium:20px;--awb-width-small:100%;--awb-order-small:0;--awb-spacing-right-small:1.92%;--awb-margin-bottom-small:10px;--awb-spacing-left-small:1.92%;\"><div class=\"fusion-column-wrapper fusion-column-has-shadow fusion-flex-justify-content-flex-start fusion-content-layout-column\"><i class=\"fb-icon-element-1 fb-icon-element fontawesome-icon icon-retrohouse-home-rent-sign circle-no fusion-text-flow icon-hover-animation-slide\" style=\"--awb-iconcolor-hover:#2cbc63;--awb-font-size:32px;--awb-margin-bottom:16px;\"><\/i><div class=\"fusion-title title fusion-title-4 fusion-sep-none fusion-title-text fusion-title-size-two\" style=\"--awb-margin-top-small:10px;--awb-margin-right-small:0px;--awb-margin-bottom-small:20px;--awb-margin-left-small:0px;\"><h2 class=\"fusion-title-heading title-heading-left fusion-responsive-typography-calculated\" style=\"margin:0;--fontSize:48;line-height:1.2;\">Revenu de Location<\/h2><\/div><div class=\"fusion-text fusion-text-2\"><div>\n<div>\n<p>Si vous poss\u00e9dez des immeubles locatifs au Canada, il est important de comprendre les implications fiscales qui les accompagnent. Heureusement, nos fiscalistes sont l\u00e0 pour vous aider \u00e0 naviguer dans ce processus. Que vous soyez propri\u00e9taire d&#039;un ou de plusieurs biens locatifs, nous pouvons vous aider \u00e0 organiser toutes les informations n\u00e9cessaires et \u00e0 maximiser votre r\u00e9sultat final.<\/p>\n<\/div>\n<div>\n<p>L\u2019un des principaux avantages de travailler avec notre \u00e9quipe est que nous pouvons vous aider \u00e0 consolider tous vos biens locatifs en une seule d\u00e9claration de revenus compl\u00e8te. Cela peut vous faire gagner du temps et vous \u00e9viter des tracas, tout en garantissant que vous respectez toutes vos obligations fiscales.<\/p>\n<\/div>\n<div>\n<p>Lorsqu&#039;il s&#039;agit d&#039;immeubles locatifs, vous pouvez avoir droit \u00e0 un certain nombre de d\u00e9ductions. Ceux-ci peuvent inclure les d\u00e9penses li\u00e9es aux r\u00e9parations et \u00e0 l\u2019entretien, les frais de gestion immobili\u00e8re et m\u00eame les int\u00e9r\u00eats hypoth\u00e9caires. Nos fiscalistes peuvent vous aider \u00e0 identifier ces d\u00e9ductions et veiller \u00e0 ce que vous profitiez de tous les all\u00e9gements fiscaux disponibles.<\/p>\n<\/div>\n<div>\n<p>Bref, si vous poss\u00e9dez des immeubles locatifs au Canada, il est essentiel de travailler avec un fiscaliste comp\u00e9tent qui pourra vous aider \u00e0 naviguer dans les complexit\u00e9s du syst\u00e8me fiscal. Notre \u00e9quipe est l\u00e0 pour vous aider, alors n&#039;h\u00e9sitez pas \u00e0 nous contacter pour obtenir de l&#039;aide !<\/p>\n<p>Nos services aux propri\u00e9taires d\u2019immeubles locatifs couvrent de nombreux aspects de l\u2019entreprise, notamment :<\/p>\n<\/div>\n<\/div>\n<\/div><ul style=\"--awb-iconcolor:#2cbc63;--awb-line-height:30.6px;--awb-icon-width:30.6px;--awb-icon-height:30.6px;--awb-icon-margin:12.6px;--awb-content-margin:43.2px;\" class=\"fusion-checklist fusion-checklist-1 fusion-checklist-default type-icons\"><li class=\"fusion-li-item\" style=\"\"><span class=\"icon-wrapper circle-no\"><i class=\"fusion-li-icon icon-accountant-check\" aria-hidden=\"true\"><\/i><\/span><div class=\"fusion-li-item-content\">\n<p>Acheter et vendre votre bien locatif.<\/p>\n<\/div><\/li><li class=\"fusion-li-item\" style=\"\"><span class=\"icon-wrapper circle-no\"><i class=\"fusion-li-icon icon-accountant-check\" aria-hidden=\"true\"><\/i><\/span><div class=\"fusion-li-item-content\">\n<p>Vivre et louer dans la m\u00eame maison.<\/p>\n<\/div><\/li><li class=\"fusion-li-item\" style=\"\"><span class=\"icon-wrapper circle-no\"><i class=\"fusion-li-icon icon-accountant-check\" aria-hidden=\"true\"><\/i><\/span><div class=\"fusion-li-item-content\">\n<p>Qu&#039;est-ce qu&#039;une d\u00e9pense courante par rapport \u00e0 une d\u00e9pense courante? une d\u00e9pense en capital.<\/p>\n<\/div><\/li><li class=\"fusion-li-item\" style=\"\"><span class=\"icon-wrapper circle-no\"><i class=\"fusion-li-icon icon-accountant-check\" aria-hidden=\"true\"><\/i><\/span><div class=\"fusion-li-item-content\">\n<p>Qu&#039;est-ce que la DPA, si la DPA doit \u00eatre r\u00e9clam\u00e9e, quelles sont les r\u00e8gles de la DPA pour les biens locatifs.<\/p>\n<\/div><\/li><li class=\"fusion-li-item\" style=\"\"><span class=\"icon-wrapper circle-no\"><i class=\"fusion-li-icon icon-accountant-check\" aria-hidden=\"true\"><\/i><\/span><div class=\"fusion-li-item-content\">\n<p>Si vous incorporez votre entreprise d\u2019immobilier locatif.<\/p>\n<\/div><\/li><li class=\"fusion-li-item\" style=\"\"><span class=\"icon-wrapper circle-no\"><i class=\"fusion-li-icon icon-accountant-check\" aria-hidden=\"true\"><\/i><\/span><div class=\"fusion-li-item-content\">\n<p>Dans quelles conditions un revenu AIRBNB peut-il \u00eatre consid\u00e9r\u00e9 comme un revenu d&#039;entreprise active.<\/p>\n<\/div><\/li><\/ul><div class=\"fusion-separator fusion-full-width-sep\" style=\"align-self: center;margin-left: auto;margin-right: auto;margin-bottom:20px;width:100%;\"><\/div>\n<div class=\"table-2\">\n<table width=\"100%\">\n<thead>\n<tr>\n<th align=\"left\">Revenu de Location <strong>Tableur<\/strong><\/th>\n<th align=\"left\">C\u2019est tout ce dont vous avez besoin pour nous contacter pour votre d\u00e9claration de revenus locatifs. Cela rendra la d\u00e9claration d\u2019imp\u00f4t beaucoup plus facile\u00a0!<\/th>\n<th align=\"left\"><a href=\"https:\/\/canadataxpro.com\/wp-content\/uploads\/2021\/11\/Rental-Income-Statement.xlsx\">T\u00c9L\u00c9CHARGER<\/a><\/th>\n<\/tr>\n<\/thead>\n<\/table>\n<\/div>\n<\/div><\/div><\/div><\/div><div class=\"fusion-fullwidth fullwidth-box fusion-builder-row-3 fusion-flex-container nonhundred-percent-fullwidth non-hundred-percent-height-scrolling\" style=\"--awb-border-radius-top-left:0px;--awb-border-radius-top-right:0px;--awb-border-radius-bottom-right:0px;--awb-border-radius-bottom-left:0px;--awb-padding-top:90px;--awb-padding-bottom:120px;--awb-padding-bottom-medium:94px;--awb-padding-top-small:20px;--awb-padding-bottom-small:40px;--awb-flex-wrap:wrap;\" ><div class=\"fusion-builder-row fusion-row fusion-flex-align-items-center fusion-flex-justify-content-center fusion-flex-content-wrap\" style=\"max-width:1310.4px;margin-left: calc(-4% \/ 2 );margin-right: calc(-4% \/ 2 );\"><div class=\"fusion-layout-column fusion_builder_column fusion-builder-column-4 fusion_builder_column_1_2 1_2 fusion-flex-column fusion-flex-align-self-flex-start\" style=\"--awb-bg-size:cover;--awb-width-large:50%;--awb-margin-top-large:20px;--awb-spacing-right-large:7.68%;--awb-margin-bottom-large:20px;--awb-spacing-left-large:3.84%;--awb-width-medium:50%;--awb-order-medium:0;--awb-spacing-right-medium:30px;--awb-spacing-left-medium:30px;--awb-width-small:100%;--awb-order-small:0;--awb-spacing-right-small:30px;--awb-spacing-left-small:30px;\"><div class=\"fusion-column-wrapper fusion-column-has-shadow fusion-flex-justify-content-flex-start fusion-content-layout-column\"><div class=\"fusion-title title fusion-title-5 fusion-sep-none fusion-title-text fusion-title-size-three\" style=\"--awb-margin-top:6px;--awb-margin-top-small:10px;--awb-margin-right-small:0px;--awb-margin-bottom-small:16px;--awb-margin-left-small:0px;\"><h3 class=\"fusion-title-heading title-heading-left fusion-responsive-typography-calculated\" style=\"margin:0;--fontSize:36;line-height:1.3;\"><p class=\"elementor-heading-title elementor-size-default\"><img decoding=\"async\" class=\"lazyload alignnone size-medium wp-image-4580\" src=\"https:\/\/canadataxpro.com\/wp-content\/uploads\/2022\/11\/KB-Logo-RGB-1245120c6626b8a22d4bd30d5acd1ede-300x135.jpg\" data-orig-src=\"https:\/\/canadataxpro.com\/wp-content\/uploads\/2022\/11\/KB-Logo-RGB-1245120c6626b8a22d4bd30d5acd1ede-300x135.jpg\" alt=\"\" width=\"300\" height=\"135\" srcset=\"data:image\/svg+xml,%3Csvg%20xmlns%3D%27http%3A%2F%2Fwww.w3.org%2F2000%2Fsvg%27%20width%3D%27300%27%20height%3D%27135%27%20viewBox%3D%270%200%20300%20135%27%3E%3Crect%20width%3D%27300%27%20height%3D%27135%27%20fill-opacity%3D%220%22%2F%3E%3C%2Fsvg%3E\" data-srcset=\"https:\/\/canadataxpro.com\/wp-content\/uploads\/2022\/11\/KB-Logo-RGB-1245120c6626b8a22d4bd30d5acd1ede-200x90.jpg 200w, https:\/\/canadataxpro.com\/wp-content\/uploads\/2022\/11\/KB-Logo-RGB-1245120c6626b8a22d4bd30d5acd1ede-300x135.jpg 300w, https:\/\/canadataxpro.com\/wp-content\/uploads\/2022\/11\/KB-Logo-RGB-1245120c6626b8a22d4bd30d5acd1ede-400x180.jpg 400w, https:\/\/canadataxpro.com\/wp-content\/uploads\/2022\/11\/KB-Logo-RGB-1245120c6626b8a22d4bd30d5acd1ede-600x271.jpg 600w, https:\/\/canadataxpro.com\/wp-content\/uploads\/2022\/11\/KB-Logo-RGB-1245120c6626b8a22d4bd30d5acd1ede-768x346.jpg 768w, https:\/\/canadataxpro.com\/wp-content\/uploads\/2022\/11\/KB-Logo-RGB-1245120c6626b8a22d4bd30d5acd1ede.jpg 785w\" data-sizes=\"auto\" data-orig-sizes=\"(max-width: 300px) 100vw, 300px\" \/><\/p><\/h3><\/div><div class=\"fusion-text fusion-text-3\"><p>Les comptables conseillent g\u00e9n\u00e9ralement en fonction des imp\u00f4ts, les courtiers en fonction des int\u00e9r\u00eats. Souvent, les gens paient trop d\u2019imp\u00f4ts pour \u00e9conomiser sur les int\u00e9r\u00eats, ou trop d\u2019int\u00e9r\u00eats pour \u00e9conomiser de l\u2019imp\u00f4t. ImpoTax Pro et KB Mortgages offrent des conseils et des conseils combin\u00e9s o\u00f9 votre comptable et votre expert en financement se coordonnent pour fournir des conseils et des conseils \u00e0 long terme afin d&#039;\u00e9quilibrer vos imp\u00f4ts et vos frais d&#039;int\u00e9r\u00eats pour un r\u00e9sultat plus rentable.<\/p>\n<p>Une autre valeur ajout\u00e9e est que nous conservons un dossier s\u00e9curis\u00e9 avec les documents fiscaux de nos clients afin de r\u00e9duire la charge de travail chaque fois qu&#039;ils ont besoin de financement.<span style=\"color: #2cbc63;\">.<\/span><\/p>\n<\/div><\/div><\/div><div class=\"fusion-layout-column fusion_builder_column fusion-builder-column-5 fusion_builder_column_2_5 2_5 fusion-flex-column\" style=\"--awb-bg-size:cover;--awb-width-large:40%;--awb-margin-top-large:0px;--awb-spacing-right-large:4.8%;--awb-margin-bottom-large:0px;--awb-spacing-left-large:9.6%;--awb-width-medium:50%;--awb-order-medium:0;--awb-spacing-right-medium:3.84%;--awb-spacing-left-medium:7.68%;--awb-width-small:100%;--awb-order-small:1;--awb-spacing-right-small:1.92%;--awb-margin-bottom-small:20px;--awb-spacing-left-small:1.92%;\"><div class=\"fusion-column-wrapper fusion-column-has-shadow fusion-flex-justify-content-center fusion-content-layout-column\"><div class=\"fusion-image-element\" style=\"--awb-caption-title-font-family:var(--h2_typography-font-family);--awb-caption-title-font-weight:var(--h2_typography-font-weight);--awb-caption-title-font-style:var(--h2_typography-font-style);--awb-caption-title-size:var(--h2_typography-font-size);--awb-caption-title-transform:var(--h2_typography-text-transform);--awb-caption-title-line-height:var(--h2_typography-line-height);--awb-caption-title-letter-spacing:var(--h2_typography-letter-spacing);\"><span class=\"fusion-imageframe imageframe-none imageframe-1 hover-type-none\" style=\"border-radius:12px;\"><img decoding=\"async\" width=\"768\" height=\"960\" alt=\"Badir Lamidi - CEO &amp; Owner at Canada ImpoTax Pro\" title=\"keatonteamphoto768x960 (1)\" src=\"data:image\/svg+xml,%3Csvg%20xmlns%3D%27http%3A%2F%2Fwww.w3.org%2F2000%2Fsvg%27%20width%3D%27768%27%20height%3D%27960%27%20viewBox%3D%270%200%20768%20960%27%3E%3Crect%20width%3D%27768%27%20height%3D%27960%27%20fill-opacity%3D%220%22%2F%3E%3C%2Fsvg%3E\" data-orig-src=\"https:\/\/canadataxpro.com\/wp-content\/uploads\/2022\/11\/keatonteamphoto768x960-1.webp\" class=\"lazyload img-responsive wp-image-4578\"\/><\/span><\/div><div class=\"fusion-title title fusion-title-6 fusion-sep-none fusion-title-text fusion-title-size-six\" style=\"--awb-margin-top:12px;--awb-margin-bottom:4px;--awb-margin-top-small:4px;--awb-margin-right-small:0px;--awb-margin-bottom-small:4px;--awb-margin-left-small:0px;--awb-margin-top-medium:4px;--awb-margin-bottom-medium:4px;\"><h6 class=\"fusion-title-heading title-heading-left fusion-responsive-typography-calculated\" style=\"margin:0;--fontSize:18;--minFontSize:18;line-height:1.5;\"><h5>Contacter Keaton Kirkwood<\/h5><\/h6><\/div><div class=\"fusion-social-links fusion-social-links-1 fusion-animated\" style=\"--awb-margin-top:0px;--awb-margin-right:0px;--awb-margin-bottom:0px;--awb-margin-left:0px;--awb-alignment:left;--awb-box-border-top:2px;--awb-box-border-right:2px;--awb-box-border-bottom:2px;--awb-box-border-left:2px;--awb-icon-colors-hover:#ffffff;--awb-box-colors-hover:#0051f4;--awb-box-border-color:var(--awb-color7);--awb-box-border-color-hover:#0051f4;\" data-animationtype=\"fadeInUp\" data-animationduration=\"1.3\" data-animationoffset=\"top-into-view\"><div class=\"fusion-social-networks boxed-icons color-type-custom\"><div class=\"fusion-social-networks-wrapper\"><a class=\"fusion-social-network-icon fusion-tooltip fusion-facebook awb-icon-facebook\" style=\"color:var(--awb-color7);font-size:20px;width:20px;background-color:#ffffff;border-color:#ffffff;border-radius:99px;\" data-placement=\"top\" data-title=\"Facebook\" data-toggle=\"tooltip\" title=\"Facebook\" aria-label=\"Facebook\" target=\"_blank\" rel=\"noopener noreferrer\" href=\"https:\/\/www.facebook.com\/YVRMortgageBroker\"><\/a><a class=\"fusion-social-network-icon fusion-tooltip fusion-instagram awb-icon-instagram\" style=\"color:var(--awb-color7);font-size:20px;width:20px;background-color:#ffffff;border-color:#ffffff;border-radius:99px;\" data-placement=\"top\" data-title=\"Instagram\" data-toggle=\"tooltip\" title=\"Instagram\" aria-label=\"Instagram\" target=\"_blank\" rel=\"noopener noreferrer\" href=\"https:\/\/www.instagram.com\/kbmortgages.ca\/\"><\/a><a class=\"fusion-social-network-icon fusion-tooltip fusion-youtube awb-icon-youtube\" style=\"color:var(--awb-color7);font-size:20px;width:20px;background-color:#ffffff;border-color:#ffffff;border-radius:99px;\" data-placement=\"top\" data-title=\"YouTube\" data-toggle=\"tooltip\" title=\"Youtube\" aria-label=\"Youtube\" target=\"_blank\" rel=\"noopener noreferrer\" href=\"https:\/\/www.youtube.com\/channel\/UCnjQCSb4lhkQA5MFj8m2DjA\"><\/a><a class=\"fusion-social-network-icon fusion-tooltip fusion-linkedin awb-icon-linkedin\" style=\"color:var(--awb-color7);font-size:20px;width:20px;background-color:#ffffff;border-color:#ffffff;border-radius:99px;\" data-placement=\"top\" data-title=\"LinkedIn\" data-toggle=\"tooltip\" title=\"LinkedIn\" aria-label=\"LinkedIn\" target=\"_blank\" rel=\"noopener noreferrer\" href=\"https:\/\/www.linkedin.com\/in\/keaton-kirkwood-b655649b\/\"><\/a><a class=\"fusion-social-network-icon fusion-tooltip fusion-blogger awb-icon-blogger\" style=\"color:var(--awb-color7);font-size:20px;width:20px;background-color:#ffffff;border-color:#ffffff;border-radius:99px;\" data-placement=\"top\" data-title=\"Blogger\" data-toggle=\"tooltip\" title=\"Blogueur\" aria-label=\"blogueur\" target=\"_blank\" rel=\"noopener noreferrer\" href=\"https:\/\/www.kbmortgages.ca\/category\/article\/\"><\/a><\/div><\/div><\/div><\/div><\/div><div class=\"fusion-layout-column fusion_builder_column fusion-builder-column-6 fusion_builder_column_1_2 1_2 fusion-flex-column\" style=\"--awb-bg-size:cover;--awb-width-large:50%;--awb-margin-top-large:20px;--awb-spacing-right-large:3.84%;--awb-margin-bottom-large:20px;--awb-spacing-left-large:3.84%;--awb-width-medium:50%;--awb-order-medium:0;--awb-spacing-right-medium:3.84%;--awb-spacing-left-medium:3.84%;--awb-width-small:100%;--awb-order-small:3;--awb-spacing-right-small:1.92%;--awb-spacing-left-small:1.92%;\"><div class=\"fusion-column-wrapper fusion-column-has-shadow fusion-flex-justify-content-flex-start fusion-content-layout-column\"><div class=\"fusion-video fusion-youtube\" style=\"--awb-max-width:600px;--awb-max-height:360px;\"><div class=\"video-shortcode\"><lite-youtube videoid=\"UTQJuYCyZSY\" class=\"landscape\" params=\"wmode=transparent&autoplay=1&amp;enablejsapi=1\" title=\"Lecteur vid\u00e9o YouTube 1\" data-button-label=\"Play Video\" width=\"600\" height=\"360\" data-thumbnail-size=\"auto\" data-no-cookie=\"on\"><\/lite-youtube><\/div><\/div><\/div><\/div><div class=\"fusion-layout-column fusion_builder_column fusion-builder-column-7 fusion_builder_column_1_2 1_2 fusion-flex-column\" style=\"--awb-bg-color:var(--awb-color7);--awb-bg-color-hover:var(--awb-color7);--awb-bg-size:cover;--awb-width-large:50%;--awb-margin-top-large:20px;--awb-spacing-right-large:3.84%;--awb-margin-bottom-large:20px;--awb-spacing-left-large:3.84%;--awb-width-medium:50%;--awb-order-medium:0;--awb-spacing-right-medium:3.84%;--awb-spacing-left-medium:3.84%;--awb-width-small:100%;--awb-order-small:2;--awb-spacing-right-small:1.92%;--awb-spacing-left-small:1.92%;\"><div class=\"fusion-column-wrapper fusion-column-has-shadow fusion-flex-justify-content-flex-start fusion-content-layout-column\"><div class=\"fusion-title title fusion-title-7 fusion-sep-none fusion-title-center fusion-title-text fusion-title-size-three fusion-animated\" style=\"--awb-text-color:var(--awb-color1);--awb-margin-top-small:10px;--awb-margin-right-small:0px;--awb-margin-bottom-small:20px;--awb-margin-left-small:0px;\" data-animationtype=\"zoomInLeft\" data-animationduration=\"1.0\" data-animationoffset=\"top-into-view\"><h3 class=\"fusion-title-heading title-heading-center fusion-responsive-typography-calculated\" style=\"margin:0;--fontSize:36;line-height:1.3;\">D\u00e9couvrez comment l&#039;un des meilleurs comptables au Canada d\u00e9compose le processus de prise de d\u00e9cision en tant qu&#039;investisseur.<\/h3><\/div><\/div><\/div><\/div><\/div>\n<\/p>","protected":false},"excerpt":{"rendered":"","protected":false},"author":1,"featured_media":0,"parent":48,"menu_order":0,"comment_status":"closed","ping_status":"closed","template":"","meta":{"footnotes":""},"class_list":["post-3095","page","type-page","status-publish","hentry"],"_links":{"self":[{"href":"https:\/\/canadataxpro.com\/fr\/wp-json\/wp\/v2\/pages\/3095","targetHints":{"allow":["GET"]}}],"collection":[{"href":"https:\/\/canadataxpro.com\/fr\/wp-json\/wp\/v2\/pages"}],"about":[{"href":"https:\/\/canadataxpro.com\/fr\/wp-json\/wp\/v2\/types\/page"}],"author":[{"embeddable":true,"href":"https:\/\/canadataxpro.com\/fr\/wp-json\/wp\/v2\/users\/1"}],"replies":[{"embeddable":true,"href":"https:\/\/canadataxpro.com\/fr\/wp-json\/wp\/v2\/comments?post=3095"}],"version-history":[{"count":15,"href":"https:\/\/canadataxpro.com\/fr\/wp-json\/wp\/v2\/pages\/3095\/revisions"}],"predecessor-version":[{"id":4886,"href":"https:\/\/canadataxpro.com\/fr\/wp-json\/wp\/v2\/pages\/3095\/revisions\/4886"}],"up":[{"embeddable":true,"href":"https:\/\/canadataxpro.com\/fr\/wp-json\/wp\/v2\/pages\/48"}],"wp:attachment":[{"href":"https:\/\/canadataxpro.com\/fr\/wp-json\/wp\/v2\/media?parent=3095"}],"curies":[{"name":"wp","href":"https:\/\/api.w.org\/{rel}","templated":true}]}}