{"id":3101,"date":"2021-11-05T14:46:41","date_gmt":"2021-11-05T21:46:41","guid":{"rendered":"https:\/\/canadataxpro.com\/?page_id=3101"},"modified":"2021-11-06T14:00:12","modified_gmt":"2021-11-06T21:00:12","slug":"student","status":"publish","type":"page","link":"https:\/\/canadataxpro.com\/fr\/tax-situation\/student\/","title":{"rendered":"\u00c9tudiant"},"content":{"rendered":"<div class=\"fusion-fullwidth fullwidth-box fusion-builder-row-1 fusion-flex-container nonhundred-percent-fullwidth non-hundred-percent-height-scrolling\" style=\"--awb-border-radius-top-left:0px;--awb-border-radius-top-right:0px;--awb-border-radius-bottom-right:0px;--awb-border-radius-bottom-left:0px;--awb-flex-wrap:wrap;\" ><div class=\"fusion-builder-row fusion-row fusion-flex-align-items-flex-start fusion-flex-content-wrap\" style=\"max-width:1310.4px;margin-left: calc(-4% \/ 2 );margin-right: calc(-4% \/ 2 );\"><div class=\"fusion-layout-column fusion_builder_column fusion-builder-column-0 fusion_builder_column_1_1 1_1 fusion-flex-column\" style=\"--awb-padding-top:36px;--awb-padding-right:40px;--awb-padding-bottom:16px;--awb-padding-left:40px;--awb-overflow:hidden;--awb-bg-size:cover;--awb-box-shadow:0px 2px 4px -1px rgba(0,0,0,0.05);;--awb-border-color:rgba(0,0,0,0.05);--awb-border-top:1px;--awb-border-right:1px;--awb-border-bottom:1px;--awb-border-left:1px;--awb-border-style:solid;--awb-border-radius:8px 8px 8px 8px;--awb-width-large:100%;--awb-margin-top-large:20px;--awb-spacing-right-large:20px;--awb-margin-bottom-large:20px;--awb-spacing-left-large:20px;--awb-width-medium:50%;--awb-order-medium:0;--awb-spacing-right-medium:20px;--awb-spacing-left-medium:20px;--awb-width-small:100%;--awb-order-small:0;--awb-spacing-right-small:1.92%;--awb-margin-bottom-small:10px;--awb-spacing-left-small:1.92%;\"><div class=\"fusion-column-wrapper fusion-column-has-shadow fusion-flex-justify-content-flex-start fusion-content-layout-column\"><i class=\"fb-icon-element-1 fb-icon-element fontawesome-icon icon-retroeducation circle-no fusion-text-flow icon-hover-animation-slide\" style=\"--awb-font-size:32px;--awb-margin-bottom:16px;\"><\/i><div class=\"fusion-title title fusion-title-1 fusion-sep-none fusion-title-text fusion-title-size-two\" style=\"--awb-margin-top-small:10px;--awb-margin-right-small:0px;--awb-margin-bottom-small:20px;--awb-margin-left-small:0px;\"><h2 class=\"fusion-title-heading title-heading-left fusion-responsive-typography-calculated\" style=\"margin:0;--fontSize:48;line-height:1.2;\">\u00c9tudiant<\/h2><\/div><div class=\"fusion-text fusion-text-1\"><p>Si vous \u00eates \u00e9tudiant, vous pouvez d\u00e9poser une demande aussi peu \u00e9lev\u00e9e que $60. Il est important pour les \u00e9tudiants de produire une d\u00e9claration de revenus chaque ann\u00e9e, m\u00eame si votre revenu net est de $0.00, car vos cr\u00e9dits de scolarit\u00e9 seront enregistr\u00e9s et report\u00e9s aux ann\u00e9es suivantes lors de la pr\u00e9paration de vos d\u00e9clarations de revenus, et parce que vous pourriez avoir droit \u00e0 des cr\u00e9dits d&#039;imp\u00f4t comme la TPS. \/Cr\u00e9dit d&#039;imp\u00f4t pour TVH et cr\u00e9dit d&#039;imp\u00f4t pour la Prestation Trillium de l&#039;Ontario (PTO). Nos fiscalistes sont l\u00e0 pour vous aider \u00e0 tirer le meilleur parti de votre d\u00e9claration, et<\/p>\n<\/div><ul style=\"--awb-iconcolor:#2cbc63;--awb-line-height:30.6px;--awb-icon-width:30.6px;--awb-icon-height:30.6px;--awb-icon-margin:12.6px;--awb-content-margin:43.2px;\" class=\"fusion-checklist fusion-checklist-1 fusion-checklist-default type-icons\"><li class=\"fusion-li-item\" style=\"\"><span class=\"icon-wrapper circle-no\"><i class=\"fusion-li-icon icon-accountant-check\" aria-hidden=\"true\"><\/i><\/span><div class=\"fusion-li-item-content\">\n<p>Obtenez tous les cr\u00e9dits et d\u00e9ductions sp\u00e9cifiques aux \u00e9tudiants que vous m\u00e9ritez pour vous aider \u00e0 maximiser votre remboursement.<\/p>\n<\/div><\/li><li class=\"fusion-li-item\" style=\"\"><span class=\"icon-wrapper circle-no\"><i class=\"fusion-li-icon icon-accountant-check\" aria-hidden=\"true\"><\/i><\/span><div class=\"fusion-li-item-content\">\n<p>Transf\u00e9rez la partie inutilis\u00e9e de vos frais de scolarit\u00e9 \u00e0 un parent\/grand-parent, ou reportez-la pour r\u00e9clamer les cr\u00e9dits dans les ann\u00e9es suivantes. Alternativement, vous avez la possibilit\u00e9 de transf\u00e9rer la partie inutilis\u00e9e \u00e0 votre partenaire si vous \u00eates mari\u00e9 ou si vous vivez en union de fait.<\/p>\n<\/div><\/li><li class=\"fusion-li-item\" style=\"\"><span class=\"icon-wrapper circle-no\"><i class=\"fusion-li-icon icon-accountant-check\" aria-hidden=\"true\"><\/i><\/span><div class=\"fusion-li-item-content\">\n<p>Si vous avez parcouru 40 kilom\u00e8tres pour aller \u00e0 l&#039;\u00e9cole ou obtenir un emploi d&#039;\u00e9t\u00e9, vous pourriez avoir la possibilit\u00e9 de d\u00e9penser des frais de transport et d&#039;entreposage, de d\u00e9placement, de r\u00e9sidence temporaire, etc.<\/p>\n<\/div><\/li><\/ul><div class=\"fusion-separator fusion-full-width-sep\" style=\"align-self: center;margin-left: auto;margin-right: auto;margin-bottom:20px;width:100%;\"><\/div><\/div><\/div><\/div><\/div>","protected":false},"excerpt":{"rendered":"","protected":false},"author":1,"featured_media":0,"parent":48,"menu_order":0,"comment_status":"closed","ping_status":"closed","template":"","meta":{"footnotes":""},"class_list":["post-3101","page","type-page","status-publish","hentry"],"_links":{"self":[{"href":"https:\/\/canadataxpro.com\/fr\/wp-json\/wp\/v2\/pages\/3101","targetHints":{"allow":["GET"]}}],"collection":[{"href":"https:\/\/canadataxpro.com\/fr\/wp-json\/wp\/v2\/pages"}],"about":[{"href":"https:\/\/canadataxpro.com\/fr\/wp-json\/wp\/v2\/types\/page"}],"author":[{"embeddable":true,"href":"https:\/\/canadataxpro.com\/fr\/wp-json\/wp\/v2\/users\/1"}],"replies":[{"embeddable":true,"href":"https:\/\/canadataxpro.com\/fr\/wp-json\/wp\/v2\/comments?post=3101"}],"version-history":[{"count":2,"href":"https:\/\/canadataxpro.com\/fr\/wp-json\/wp\/v2\/pages\/3101\/revisions"}],"predecessor-version":[{"id":3154,"href":"https:\/\/canadataxpro.com\/fr\/wp-json\/wp\/v2\/pages\/3101\/revisions\/3154"}],"up":[{"embeddable":true,"href":"https:\/\/canadataxpro.com\/fr\/wp-json\/wp\/v2\/pages\/48"}],"wp:attachment":[{"href":"https:\/\/canadataxpro.com\/fr\/wp-json\/wp\/v2\/media?parent=3101"}],"curies":[{"name":"wp","href":"https:\/\/api.w.org\/{rel}","templated":true}]}}