{"id":3103,"date":"2021-11-05T14:48:09","date_gmt":"2021-11-05T21:48:09","guid":{"rendered":"https:\/\/canadataxpro.com\/?page_id=3103"},"modified":"2021-11-06T13:29:30","modified_gmt":"2021-11-06T20:29:30","slug":"bankruptcy","status":"publish","type":"page","link":"https:\/\/canadataxpro.com\/fr\/tax-situation\/bankruptcy\/","title":{"rendered":"La faillite"},"content":{"rendered":"<div class=\"fusion-fullwidth fullwidth-box fusion-builder-row-1 fusion-flex-container nonhundred-percent-fullwidth non-hundred-percent-height-scrolling\" style=\"--awb-border-radius-top-left:0px;--awb-border-radius-top-right:0px;--awb-border-radius-bottom-right:0px;--awb-border-radius-bottom-left:0px;--awb-flex-wrap:wrap;\" ><div class=\"fusion-builder-row fusion-row fusion-flex-align-items-flex-start fusion-flex-content-wrap\" style=\"max-width:1310.4px;margin-left: calc(-4% \/ 2 );margin-right: calc(-4% \/ 2 );\"><div class=\"fusion-layout-column fusion_builder_column fusion-builder-column-0 fusion_builder_column_1_1 1_1 fusion-flex-column\" style=\"--awb-padding-top:36px;--awb-padding-right:40px;--awb-padding-bottom:16px;--awb-padding-left:40px;--awb-overflow:hidden;--awb-bg-size:cover;--awb-box-shadow:0px 2px 4px -1px rgba(0,0,0,0.05);;--awb-border-color:rgba(0,0,0,0.05);--awb-border-top:1px;--awb-border-right:1px;--awb-border-bottom:1px;--awb-border-left:1px;--awb-border-style:solid;--awb-border-radius:8px 8px 8px 8px;--awb-width-large:100%;--awb-margin-top-large:20px;--awb-spacing-right-large:20px;--awb-margin-bottom-large:20px;--awb-spacing-left-large:20px;--awb-width-medium:50%;--awb-order-medium:0;--awb-spacing-right-medium:20px;--awb-spacing-left-medium:20px;--awb-width-small:100%;--awb-order-small:0;--awb-spacing-right-small:1.92%;--awb-margin-bottom-small:10px;--awb-spacing-left-small:1.92%;\"><div class=\"fusion-column-wrapper fusion-column-has-shadow fusion-flex-justify-content-flex-start fusion-content-layout-column\"><i class=\"fb-icon-element-1 fb-icon-element fontawesome-icon icon-situationdebt circle-no fusion-text-flow icon-hover-animation-slide\" style=\"--awb-font-size:32px;--awb-margin-bottom:16px;\"><\/i><div class=\"fusion-title title fusion-title-1 fusion-sep-none fusion-title-text fusion-title-size-two\" style=\"--awb-margin-top-small:10px;--awb-margin-right-small:0px;--awb-margin-bottom-small:20px;--awb-margin-left-small:0px;\"><h2 class=\"fusion-title-heading title-heading-left fusion-responsive-typography-calculated\" style=\"margin:0;--fontSize:48;line-height:1.2;\">La faillite<\/h2><\/div><div class=\"fusion-text fusion-text-1\"><p>Aux fins fiscales, l&#039;ann\u00e9e d&#039;imposition en cours du contribuable est r\u00e9put\u00e9e se terminer \u00e0 la date \u00e0 laquelle sa faillite est d\u00e9clar\u00e9e et une nouvelle est r\u00e9put\u00e9e commencer. Nos fiscalistes sont l\u00e0 pour vous aider \u00e0 produire votre d\u00e9claration de revenus pr\u00e9-faillite, en cours de faillite et post-faillite\u00a0; et<\/p>\n<\/div><ul style=\"--awb-iconcolor:#2cbc63;--awb-line-height:30.6px;--awb-icon-width:30.6px;--awb-icon-height:30.6px;--awb-icon-margin:12.6px;--awb-content-margin:43.2px;\" class=\"fusion-checklist fusion-checklist-1 fusion-checklist-default type-icons\"><li class=\"fusion-li-item\" style=\"\"><span class=\"icon-wrapper circle-no\"><i class=\"fusion-li-icon icon-accountant-check\" aria-hidden=\"true\"><\/i><\/span><div class=\"fusion-li-item-content\">\n<p>Examinez les revenus, les d\u00e9ductions et les cr\u00e9dits qui peuvent \u00eatre demand\u00e9s dans chacune des trois d\u00e9clarations.<\/p>\n<\/div><\/li><li class=\"fusion-li-item\" style=\"\"><span class=\"icon-wrapper circle-no\"><i class=\"fusion-li-icon icon-accountant-check\" aria-hidden=\"true\"><\/i><\/span><div class=\"fusion-li-item-content\">\n<p>Expliquez l&#039;effet de la lib\u00e9ration sur les dettes et comment la faillite affecte les pertes fiscales avant et apr\u00e8s la date de la faillite.<\/p>\n<\/div><\/li><li class=\"fusion-li-item\" style=\"\"><span class=\"icon-wrapper circle-no\"><i class=\"fusion-li-icon icon-accountant-check\" aria-hidden=\"true\"><\/i><\/span><div class=\"fusion-li-item-content\">\n<p>Quel montant sera utilis\u00e9 pour d\u00e9terminer l&#039;admissibilit\u00e9 au cr\u00e9dit de TPS\/TVH et \u00e0 la PFRT, en fonction du revenu avant et apr\u00e8s la faillite.<\/p>\n<\/div><\/li><\/ul><div class=\"fusion-separator fusion-full-width-sep\" style=\"align-self: center;margin-left: auto;margin-right: auto;margin-bottom:20px;width:100%;\"><\/div><\/div><\/div><\/div><\/div>","protected":false},"excerpt":{"rendered":"","protected":false},"author":1,"featured_media":0,"parent":48,"menu_order":0,"comment_status":"closed","ping_status":"closed","template":"","meta":{"footnotes":""},"class_list":["post-3103","page","type-page","status-publish","hentry"],"_links":{"self":[{"href":"https:\/\/canadataxpro.com\/fr\/wp-json\/wp\/v2\/pages\/3103","targetHints":{"allow":["GET"]}}],"collection":[{"href":"https:\/\/canadataxpro.com\/fr\/wp-json\/wp\/v2\/pages"}],"about":[{"href":"https:\/\/canadataxpro.com\/fr\/wp-json\/wp\/v2\/types\/page"}],"author":[{"embeddable":true,"href":"https:\/\/canadataxpro.com\/fr\/wp-json\/wp\/v2\/users\/1"}],"replies":[{"embeddable":true,"href":"https:\/\/canadataxpro.com\/fr\/wp-json\/wp\/v2\/comments?post=3103"}],"version-history":[{"count":3,"href":"https:\/\/canadataxpro.com\/fr\/wp-json\/wp\/v2\/pages\/3103\/revisions"}],"predecessor-version":[{"id":3143,"href":"https:\/\/canadataxpro.com\/fr\/wp-json\/wp\/v2\/pages\/3103\/revisions\/3143"}],"up":[{"embeddable":true,"href":"https:\/\/canadataxpro.com\/fr\/wp-json\/wp\/v2\/pages\/48"}],"wp:attachment":[{"href":"https:\/\/canadataxpro.com\/fr\/wp-json\/wp\/v2\/media?parent=3103"}],"curies":[{"name":"wp","href":"https:\/\/api.w.org\/{rel}","templated":true}]}}